{"id":1863,"date":"2025-06-16T20:33:58","date_gmt":"2025-06-16T23:33:58","guid":{"rendered":"http:\/\/mirtazaliauskas-tettoflor-tp2.local\/?post_type=product&#038;p=1863"},"modified":"2025-06-20T15:31:04","modified_gmt":"2025-06-20T18:31:04","slug":"el-abrazo-escultura-bronce","status":"publish","type":"product","link":"https:\/\/mirtazaliuskas.nebuletec.com\/en\/product\/el-abrazo-escultura-bronce\/","title":{"rendered":"The Embrace \u2013 Bronze sculpture"},"content":{"rendered":"<p data-start=\"307\" data-end=\"586\">The Embrace is a small work that represents the union, protection, and fusion of two bodies in a single gesture. Cast in bronze with a raw, gestural texture, the sculpture condenses the power of the human bond into a synthetic, intimate, and deeply emotional form.<\/p>\n<p data-start=\"588\" data-end=\"831\">In just a few centimeters, artist Mirta Zaliauskas creates a piece that speaks of love, support, and refuge. The irregular surface of the bronze captures the light and highlights the shapes with drama and warmth, evoking the permanence of the essential.<\/p>\n<p data-start=\"838\" data-end=\"864\"><strong data-start=\"838\" data-end=\"864\">Product Details:<\/strong><\/p>\n<ul data-start=\"866\" data-end=\"1118\">\n<li data-start=\"866\" data-end=\"895\">\n<p data-start=\"868\" data-end=\"895\">Material: Patinated bronze<\/p>\n<\/li>\n<li data-start=\"896\" data-end=\"921\">\n<p data-start=\"898\" data-end=\"921\">Technique: Lost wax<\/p>\n<\/li>\n<li data-start=\"922\" data-end=\"958\">\n<p data-start=\"924\" data-end=\"958\">Size: 20 cm high (without base)<\/p>\n<\/li>\n<li data-start=\"959\" data-end=\"982\">\n<p data-start=\"961\" data-end=\"982\">Base: White marble<\/p>\n<\/li>\n<li data-start=\"983\" data-end=\"1025\">\n<p data-start=\"985\" data-end=\"1025\">Color: Dark bronze with gold patina<\/p>\n<\/li>\n<li data-start=\"1026\" data-end=\"1098\">\n<p data-start=\"1028\" data-end=\"1098\">Origin: Handmade by Mirta Zaliauskas in Buenos Aires, Argentina<\/p>\n<\/li>\n<li data-start=\"1099\" data-end=\"1118\">\n<p data-start=\"1101\" data-end=\"1118\">Series: Unique work<\/p>\n<\/li>\n<\/ul>\n<p data-start=\"1125\" data-end=\"1147\"><strong data-start=\"1125\" data-end=\"1147\">Recommended uses:<\/strong><\/p>\n<ul data-start=\"1149\" data-end=\"1322\">\n<li data-start=\"1149\" data-end=\"1222\">\n<p data-start=\"1151\" data-end=\"1222\">A piece for contemplation in libraries, desks or intimate spaces<\/p>\n<\/li>\n<li data-start=\"1223\" data-end=\"1272\">\n<p data-start=\"1225\" data-end=\"1272\">Meaningful gift for special moments<\/p>\n<\/li>\n<li data-start=\"1273\" data-end=\"1322\">\n<p data-start=\"1275\" data-end=\"1322\">Sculpture for collectors of symbolic art<\/p>\n<\/li>\n<\/ul>\n<p>&nbsp;<\/p>\n<p>Includes a certificate of authenticity signed by the artist. Comes with a stand and is ready for display.<\/p>","protected":false},"excerpt":{"rendered":"<p>El Abrazo es una obra de peque\u00f1o formato que representa la uni\u00f3n, la protecci\u00f3n y la fusi\u00f3n de dos cuerpos [&hellip;]<\/p>","protected":false},"featured_media":1852,"comment_status":"open","ping_status":"closed","template":"","meta":{"site-sidebar-layout":"no-sidebar","site-content-layout":"","ast-site-content-layout":"default","site-content-style":"default","site-sidebar-style":"default","ast-global-header-display":"","ast-banner-title-visibility":"","ast-main-header-display":"","ast-hfb-above-header-display":"","ast-hfb-below-header-display":"","ast-hfb-mobile-header-display":"","site-post-title":"disabled","ast-breadcrumbs-content":"","ast-featured-img":"disabled","footer-sml-layout":"","theme-transparent-header-meta":"disabled","adv-header-id-meta":"","stick-header-meta":"","header-above-stick-meta":"","header-main-stick-meta":"","header-below-stick-meta":"","astra-migrate-meta-layouts":"set","ast-page-background-enabled":"default","ast-page-background-meta":{"desktop":{"background-color":"var(--ast-global-color-4)","background-image":"","background-repeat":"repeat","background-position":"center center","background-size":"auto","background-attachment":"scroll","background-type":"","background-media":"","overlay-type":"","overlay-color":"","overlay-opacity":"","overlay-gradient":""},"tablet":{"background-color":"","background-image":"","background-repeat":"repeat","background-position":"center center","background-size":"auto","background-attachment":"scroll","background-type":"","background-media":"","overlay-type":"","overlay-color":"","overlay-opacity":"","overlay-gradient":""},"mobile":{"background-color":"","background-image":"","background-repeat":"repeat","background-position":"center center","background-size":"auto","background-attachment":"scroll","background-type":"","background-media":"","overlay-type":"","overlay-color":"","overlay-opacity":"","overlay-gradient":""}},"ast-content-background-meta":{"desktop":{"background-color":"var(--ast-global-color-5)","background-image":"","background-repeat":"repeat","background-position":"center center","background-size":"auto","background-attachment":"scroll","background-type":"","background-media":"","overlay-type":"","overlay-color":"","overlay-opacity":"","overlay-gradient":""},"tablet":{"background-color":"var(--ast-global-color-5)","background-image":"","background-repeat":"repeat","background-position":"center center","background-size":"auto","background-attachment":"scroll","background-type":"","background-media":"","overlay-type":"","overlay-color":"","overlay-opacity":"","overlay-gradient":""},"mobile":{"background-color":"var(--ast-global-color-5)","background-image":"","background-repeat":"repeat","background-position":"center center","background-size":"auto","background-attachment":"scroll","background-type":"","background-media":"","overlay-type":"","overlay-color":"","overlay-opacity":"","overlay-gradient":""}}},"product_brand":[21],"product_cat":[79],"product_tag":[23,75,32,68,73,71,70,78,47,72,37,77,74,39,69,65,67,66,51,76,52,30,40,38],"class_list":{"0":"post-1863","1":"product","2":"type-product","3":"status-publish","4":"has-post-thumbnail","6":"product_brand-mirta-zaliauskas","7":"product_cat-esculturas","8":"product_tag-ambar","9":"product_tag-amor","10":"product_tag-arte","11":"product_tag-arte-contemporaneo","12":"product_tag-arte-pequeno","13":"product_tag-bronce","14":"product_tag-brutalismo","15":"product_tag-cera-perdida","16":"product_tag-cuerpo","17":"product_tag-el-abrazo","18":"product_tag-escultura","19":"product_tag-escultura-simbolica","20":"product_tag-figura-humana","21":"product_tag-fuerza","22":"product_tag-fundicion","23":"product_tag-hierro","24":"product_tag-introspeccion","25":"product_tag-materia","26":"product_tag-mirta-zaliauskas","27":"product_tag-obra-intima","28":"product_tag-obra-unica","29":"product_tag-reciclado","30":"product_tag-unica","31":"product_tag-vidrio","32":"desktop-align-center","33":"tablet-align-left","34":"mobile-align-left","36":"first","37":"instock","38":"shipping-taxable","39":"purchasable","40":"product-type-simple"},"yoast_head":"<!-- This site is optimized with the Yoast SEO plugin v25.3.1 - https:\/\/yoast.com\/wordpress\/plugins\/seo\/ -->\n<title>El Abrazo \u2013 Escultura peque\u00f1a en bronce por Mirta Zaliauskas<\/title>\n<meta name=\"description\" content=\"Escultura en bronce de peque\u00f1o formato realizada por Mirta Zaliauskas. \u201cEl Abrazo\u201d representa la uni\u00f3n y el afecto en una obra emotiva y \u00fanica.\" \/>\n<meta name=\"robots\" content=\"index, follow, max-snippet:-1, max-image-preview:large, max-video-preview:-1\" \/>\n<link rel=\"canonical\" href=\"https:\/\/mirtazaliuskas.nebuletec.com\/en\/product\/el-abrazo-escultura-bronce\/\" \/>\n<meta property=\"og:locale\" content=\"en_US\" \/>\n<meta property=\"og:type\" content=\"article\" \/>\n<meta property=\"og:title\" content=\"El Abrazo \u2013 Escultura peque\u00f1a en bronce por Mirta Zaliauskas\" \/>\n<meta property=\"og:description\" content=\"Escultura en bronce de peque\u00f1o formato realizada por Mirta Zaliauskas. \u201cEl Abrazo\u201d representa la uni\u00f3n y el afecto en una obra emotiva y \u00fanica.\" \/>\n<meta property=\"og:url\" content=\"https:\/\/mirtazaliuskas.nebuletec.com\/en\/product\/el-abrazo-escultura-bronce\/\" \/>\n<meta property=\"og:site_name\" content=\"Mirta Zaliauskas\" \/>\n<meta property=\"article:modified_time\" content=\"2025-06-20T18:31:04+00:00\" \/>\n<meta property=\"og:image\" content=\"https:\/\/mirtazaliuskas.nebuletec.com\/wp-content\/uploads\/2025\/06\/IMG-20250616-WA0025.webp\" \/>\n\t<meta property=\"og:image:width\" content=\"617\" \/>\n\t<meta property=\"og:image:height\" content=\"1280\" \/>\n\t<meta property=\"og:image:type\" content=\"image\/webp\" \/>\n<meta name=\"twitter:card\" content=\"summary_large_image\" \/>\n<meta name=\"twitter:label1\" content=\"Est. reading time\" \/>\n\t<meta name=\"twitter:data1\" content=\"1 minute\" \/>\n<script type=\"application\/ld+json\" class=\"yoast-schema-graph\">{\"@context\":\"https:\/\/schema.org\",\"@graph\":[{\"@type\":\"WebPage\",\"@id\":\"https:\/\/mirtazaliuskas.nebuletec.com\/producto\/el-abrazo-escultura-bronce\/\",\"url\":\"https:\/\/mirtazaliuskas.nebuletec.com\/producto\/el-abrazo-escultura-bronce\/\",\"name\":\"El Abrazo \u2013 Escultura peque\u00f1a en bronce por Mirta Zaliauskas\",\"isPartOf\":{\"@id\":\"https:\/\/mirtazaliuskas.nebuletec.com\/#website\"},\"primaryImageOfPage\":{\"@id\":\"https:\/\/mirtazaliuskas.nebuletec.com\/producto\/el-abrazo-escultura-bronce\/#primaryimage\"},\"image\":{\"@id\":\"https:\/\/mirtazaliuskas.nebuletec.com\/producto\/el-abrazo-escultura-bronce\/#primaryimage\"},\"thumbnailUrl\":\"https:\/\/mirtazaliuskas.nebuletec.com\/wp-content\/uploads\/2025\/06\/IMG-20250616-WA0025.webp\",\"datePublished\":\"2025-06-16T23:33:58+00:00\",\"dateModified\":\"2025-06-20T18:31:04+00:00\",\"description\":\"Escultura en bronce de peque\u00f1o formato realizada por Mirta Zaliauskas. \u201cEl Abrazo\u201d representa la uni\u00f3n y el afecto en una obra emotiva y \u00fanica.\",\"breadcrumb\":{\"@id\":\"https:\/\/mirtazaliuskas.nebuletec.com\/producto\/el-abrazo-escultura-bronce\/#breadcrumb\"},\"inLanguage\":\"en-US\",\"potentialAction\":[{\"@type\":\"ReadAction\",\"target\":[\"https:\/\/mirtazaliuskas.nebuletec.com\/producto\/el-abrazo-escultura-bronce\/\"]}]},{\"@type\":\"ImageObject\",\"inLanguage\":\"en-US\",\"@id\":\"https:\/\/mirtazaliuskas.nebuletec.com\/producto\/el-abrazo-escultura-bronce\/#primaryimage\",\"url\":\"https:\/\/mirtazaliuskas.nebuletec.com\/wp-content\/uploads\/2025\/06\/IMG-20250616-WA0025.webp\",\"contentUrl\":\"https:\/\/mirtazaliuskas.nebuletec.com\/wp-content\/uploads\/2025\/06\/IMG-20250616-WA0025.webp\",\"width\":617,\"height\":1280},{\"@type\":\"BreadcrumbList\",\"@id\":\"https:\/\/mirtazaliuskas.nebuletec.com\/producto\/el-abrazo-escultura-bronce\/#breadcrumb\",\"itemListElement\":[{\"@type\":\"ListItem\",\"position\":1,\"name\":\"Portada\",\"item\":\"https:\/\/mirtazaliuskas.nebuletec.com\/\"},{\"@type\":\"ListItem\",\"position\":2,\"name\":\"Shop\",\"item\":\"https:\/\/mirtazaliuskas.nebuletec.com\/shop\/\"},{\"@type\":\"ListItem\",\"position\":3,\"name\":\"El Abrazo \u2013 Escultura en bronce\"}]},{\"@type\":\"WebSite\",\"@id\":\"https:\/\/mirtazaliuskas.nebuletec.com\/#website\",\"url\":\"https:\/\/mirtazaliuskas.nebuletec.com\/\",\"name\":\"mirta zaliauskas\",\"description\":\"E-commerce, tienda online de Mirta Zaliauskas\",\"publisher\":{\"@id\":\"https:\/\/mirtazaliuskas.nebuletec.com\/#\/schema\/person\/74a301b0f9c241694aca339ea184fbe9\"},\"potentialAction\":[{\"@type\":\"SearchAction\",\"target\":{\"@type\":\"EntryPoint\",\"urlTemplate\":\"https:\/\/mirtazaliuskas.nebuletec.com\/?s={search_term_string}\"},\"query-input\":{\"@type\":\"PropertyValueSpecification\",\"valueRequired\":true,\"valueName\":\"search_term_string\"}}],\"inLanguage\":\"en-US\"},{\"@type\":[\"Person\",\"Organization\"],\"@id\":\"https:\/\/mirtazaliuskas.nebuletec.com\/#\/schema\/person\/74a301b0f9c241694aca339ea184fbe9\",\"name\":\"flortetto\",\"image\":{\"@type\":\"ImageObject\",\"inLanguage\":\"en-US\",\"@id\":\"https:\/\/mirtazaliuskas.nebuletec.com\/#\/schema\/person\/image\/\",\"url\":\"https:\/\/mirtazaliuskas.nebuletec.com\/wp-content\/uploads\/2025\/04\/cropped-illustratorRecurso-2-8.png\",\"contentUrl\":\"https:\/\/mirtazaliuskas.nebuletec.com\/wp-content\/uploads\/2025\/04\/cropped-illustratorRecurso-2-8.png\",\"width\":512,\"height\":512,\"caption\":\"flortetto\"},\"logo\":{\"@id\":\"https:\/\/mirtazaliuskas.nebuletec.com\/#\/schema\/person\/image\/\"},\"sameAs\":[\"https:\/\/mirtazaliuskas.nebuletec.com\"]}]}<\/script>\n<!-- \/ Yoast SEO plugin. -->","yoast_head_json":{"title":"El Abrazo \u2013 Escultura peque\u00f1a en bronce por Mirta Zaliauskas","description":"Escultura en bronce de peque\u00f1o formato realizada por Mirta Zaliauskas. \u201cEl Abrazo\u201d representa la uni\u00f3n y el afecto en una obra emotiva y \u00fanica.","robots":{"index":"index","follow":"follow","max-snippet":"max-snippet:-1","max-image-preview":"max-image-preview:large","max-video-preview":"max-video-preview:-1"},"canonical":"https:\/\/mirtazaliuskas.nebuletec.com\/en\/product\/el-abrazo-escultura-bronce\/","og_locale":"en_US","og_type":"article","og_title":"El Abrazo \u2013 Escultura peque\u00f1a en bronce por Mirta Zaliauskas","og_description":"Escultura en bronce de peque\u00f1o formato realizada por Mirta Zaliauskas. \u201cEl Abrazo\u201d representa la uni\u00f3n y el afecto en una obra emotiva y \u00fanica.","og_url":"https:\/\/mirtazaliuskas.nebuletec.com\/en\/product\/el-abrazo-escultura-bronce\/","og_site_name":"Mirta Zaliauskas","article_modified_time":"2025-06-20T18:31:04+00:00","og_image":[{"width":617,"height":1280,"url":"https:\/\/mirtazaliuskas.nebuletec.com\/wp-content\/uploads\/2025\/06\/IMG-20250616-WA0025.webp","type":"image\/webp"}],"twitter_card":"summary_large_image","twitter_misc":{"Est. reading time":"1 minute"},"schema":{"@context":"https:\/\/schema.org","@graph":[{"@type":"WebPage","@id":"https:\/\/mirtazaliuskas.nebuletec.com\/producto\/el-abrazo-escultura-bronce\/","url":"https:\/\/mirtazaliuskas.nebuletec.com\/producto\/el-abrazo-escultura-bronce\/","name":"El Abrazo \u2013 Escultura peque\u00f1a en bronce por Mirta Zaliauskas","isPartOf":{"@id":"https:\/\/mirtazaliuskas.nebuletec.com\/#website"},"primaryImageOfPage":{"@id":"https:\/\/mirtazaliuskas.nebuletec.com\/producto\/el-abrazo-escultura-bronce\/#primaryimage"},"image":{"@id":"https:\/\/mirtazaliuskas.nebuletec.com\/producto\/el-abrazo-escultura-bronce\/#primaryimage"},"thumbnailUrl":"https:\/\/mirtazaliuskas.nebuletec.com\/wp-content\/uploads\/2025\/06\/IMG-20250616-WA0025.webp","datePublished":"2025-06-16T23:33:58+00:00","dateModified":"2025-06-20T18:31:04+00:00","description":"Escultura en bronce de peque\u00f1o formato realizada por Mirta Zaliauskas. \u201cEl Abrazo\u201d representa la uni\u00f3n y el afecto en una obra emotiva y \u00fanica.","breadcrumb":{"@id":"https:\/\/mirtazaliuskas.nebuletec.com\/producto\/el-abrazo-escultura-bronce\/#breadcrumb"},"inLanguage":"en-US","potentialAction":[{"@type":"ReadAction","target":["https:\/\/mirtazaliuskas.nebuletec.com\/producto\/el-abrazo-escultura-bronce\/"]}]},{"@type":"ImageObject","inLanguage":"en-US","@id":"https:\/\/mirtazaliuskas.nebuletec.com\/producto\/el-abrazo-escultura-bronce\/#primaryimage","url":"https:\/\/mirtazaliuskas.nebuletec.com\/wp-content\/uploads\/2025\/06\/IMG-20250616-WA0025.webp","contentUrl":"https:\/\/mirtazaliuskas.nebuletec.com\/wp-content\/uploads\/2025\/06\/IMG-20250616-WA0025.webp","width":617,"height":1280},{"@type":"BreadcrumbList","@id":"https:\/\/mirtazaliuskas.nebuletec.com\/producto\/el-abrazo-escultura-bronce\/#breadcrumb","itemListElement":[{"@type":"ListItem","position":1,"name":"Portada","item":"https:\/\/mirtazaliuskas.nebuletec.com\/"},{"@type":"ListItem","position":2,"name":"Shop","item":"https:\/\/mirtazaliuskas.nebuletec.com\/shop\/"},{"@type":"ListItem","position":3,"name":"El Abrazo \u2013 Escultura en bronce"}]},{"@type":"WebSite","@id":"https:\/\/mirtazaliuskas.nebuletec.com\/#website","url":"https:\/\/mirtazaliuskas.nebuletec.com\/","name":"mirta zaliauskas","description":"E-commerce, tienda online de Mirta Zaliauskas","publisher":{"@id":"https:\/\/mirtazaliuskas.nebuletec.com\/#\/schema\/person\/74a301b0f9c241694aca339ea184fbe9"},"potentialAction":[{"@type":"SearchAction","target":{"@type":"EntryPoint","urlTemplate":"https:\/\/mirtazaliuskas.nebuletec.com\/?s={search_term_string}"},"query-input":{"@type":"PropertyValueSpecification","valueRequired":true,"valueName":"search_term_string"}}],"inLanguage":"en-US"},{"@type":["Person","Organization"],"@id":"https:\/\/mirtazaliuskas.nebuletec.com\/#\/schema\/person\/74a301b0f9c241694aca339ea184fbe9","name":"flortetto","image":{"@type":"ImageObject","inLanguage":"en-US","@id":"https:\/\/mirtazaliuskas.nebuletec.com\/#\/schema\/person\/image\/","url":"https:\/\/mirtazaliuskas.nebuletec.com\/wp-content\/uploads\/2025\/04\/cropped-illustratorRecurso-2-8.png","contentUrl":"https:\/\/mirtazaliuskas.nebuletec.com\/wp-content\/uploads\/2025\/04\/cropped-illustratorRecurso-2-8.png","width":512,"height":512,"caption":"flortetto"},"logo":{"@id":"https:\/\/mirtazaliuskas.nebuletec.com\/#\/schema\/person\/image\/"},"sameAs":["https:\/\/mirtazaliuskas.nebuletec.com"]}]}},"_links":{"self":[{"href":"https:\/\/mirtazaliuskas.nebuletec.com\/en\/wp-json\/wp\/v2\/product\/1863","targetHints":{"allow":["GET"]}}],"collection":[{"href":"https:\/\/mirtazaliuskas.nebuletec.com\/en\/wp-json\/wp\/v2\/product"}],"about":[{"href":"https:\/\/mirtazaliuskas.nebuletec.com\/en\/wp-json\/wp\/v2\/types\/product"}],"replies":[{"embeddable":true,"href":"https:\/\/mirtazaliuskas.nebuletec.com\/en\/wp-json\/wp\/v2\/comments?post=1863"}],"wp:featuredmedia":[{"embeddable":true,"href":"https:\/\/mirtazaliuskas.nebuletec.com\/en\/wp-json\/wp\/v2\/media\/1852"}],"wp:attachment":[{"href":"https:\/\/mirtazaliuskas.nebuletec.com\/en\/wp-json\/wp\/v2\/media?parent=1863"}],"wp:term":[{"taxonomy":"product_brand","embeddable":true,"href":"https:\/\/mirtazaliuskas.nebuletec.com\/en\/wp-json\/wp\/v2\/product_brand?post=1863"},{"taxonomy":"product_cat","embeddable":true,"href":"https:\/\/mirtazaliuskas.nebuletec.com\/en\/wp-json\/wp\/v2\/product_cat?post=1863"},{"taxonomy":"product_tag","embeddable":true,"href":"https:\/\/mirtazaliuskas.nebuletec.com\/en\/wp-json\/wp\/v2\/product_tag?post=1863"}],"curies":[{"name":"wp","href":"https:\/\/api.w.org\/{rel}","templated":true}]}}