{"id":1830,"date":"2025-06-16T22:24:35","date_gmt":"2025-06-17T01:24:35","guid":{"rendered":"http:\/\/mirtazaliauskas-tettoflor-tp2.local\/?post_type=product&#038;p=1830"},"modified":"2025-06-23T16:18:39","modified_gmt":"2025-06-23T19:18:39","slug":"plato-de-vidrio-artistico-ambar","status":"publish","type":"product","link":"https:\/\/mirtazaliuskas.nebuletec.com\/en\/product\/plato-de-vidrio-artistico-ambar\/","title":{"rendered":"Glass flower plate"},"content":{"rendered":"<p>This unique plate is made of fused glass in the shape of a flower. Its warm amber color and carefully outlined petals make this piece both functional and decorative.<\/p>\n<p class=\"translation-block\">Each plate is a handcrafted piece created by artist Mirta Zaliauskas, combining traditional glass techniques with contemporary design. The floral shape symbolizes expansion and life, and is ideal both as an object of use and contemplation.<\/p>\n<p>&#8212;<\/p>\n<h2>\u00a0<em>Product details<\/em>:<\/h2>\n<p class=\"translation-block\">\u2013 Material: Recycled glass<br>\n\u2013 Technique: Fused glass<br>\n\u2013 Measurements: 22 cm in diameter<br>\n\u2013 Color: Amber with red and gold details<br>\n\u2013 Origin: Handmade in Buenos Aires, Argentina<\/p>\n<p>&nbsp;<\/p>\n<h2><em>Usos recomendados<\/em>:<\/h2>\n<p class=\"translation-block\">\u2013 Centerpiece<br>\n\u2013 Decorative wall plate<br>\n\u2013 Serving tray for special occasions<\/p>\n<p>&nbsp;<\/p>\n<p>This amber art glass plate is ideal for those seeking design and functionality in a single piece. Each piece is unique and may feature slight variations inherent in the artisanal technique. If you're looking for a piece that combines art, design, and sustainability, this is the one for you.<\/p>","protected":false},"excerpt":{"rendered":"<p>Amber art glass plate by Mirta Zaliauskas. A handcrafted flower-shaped piece, ideal as a centerpiece or designer decoration.<\/p>","protected":false},"featured_media":1494,"comment_status":"open","ping_status":"closed","template":"","meta":{"site-sidebar-layout":"no-sidebar","site-content-layout":"","ast-site-content-layout":"default","site-content-style":"default","site-sidebar-style":"default","ast-global-header-display":"","ast-banner-title-visibility":"","ast-main-header-display":"","ast-hfb-above-header-display":"","ast-hfb-below-header-display":"","ast-hfb-mobile-header-display":"","site-post-title":"disabled","ast-breadcrumbs-content":"","ast-featured-img":"disabled","footer-sml-layout":"","theme-transparent-header-meta":"disabled","adv-header-id-meta":"","stick-header-meta":"","header-above-stick-meta":"","header-main-stick-meta":"","header-below-stick-meta":"","astra-migrate-meta-layouts":"set","ast-page-background-enabled":"default","ast-page-background-meta":{"desktop":{"background-color":"var(--ast-global-color-4)","background-image":"","background-repeat":"repeat","background-position":"center center","background-size":"auto","background-attachment":"scroll","background-type":"","background-media":"","overlay-type":"","overlay-color":"","overlay-opacity":"","overlay-gradient":""},"tablet":{"background-color":"","background-image":"","background-repeat":"repeat","background-position":"center center","background-size":"auto","background-attachment":"scroll","background-type":"","background-media":"","overlay-type":"","overlay-color":"","overlay-opacity":"","overlay-gradient":""},"mobile":{"background-color":"","background-image":"","background-repeat":"repeat","background-position":"center center","background-size":"auto","background-attachment":"scroll","background-type":"","background-media":"","overlay-type":"","overlay-color":"","overlay-opacity":"","overlay-gradient":""}},"ast-content-background-meta":{"desktop":{"background-color":"var(--ast-global-color-5)","background-image":"","background-repeat":"repeat","background-position":"center center","background-size":"auto","background-attachment":"scroll","background-type":"","background-media":"","overlay-type":"","overlay-color":"","overlay-opacity":"","overlay-gradient":""},"tablet":{"background-color":"var(--ast-global-color-5)","background-image":"","background-repeat":"repeat","background-position":"center center","background-size":"auto","background-attachment":"scroll","background-type":"","background-media":"","overlay-type":"","overlay-color":"","overlay-opacity":"","overlay-gradient":""},"mobile":{"background-color":"var(--ast-global-color-5)","background-image":"","background-repeat":"repeat","background-position":"center center","background-size":"auto","background-attachment":"scroll","background-type":"","background-media":"","overlay-type":"","overlay-color":"","overlay-opacity":"","overlay-gradient":""}}},"product_brand":[21],"product_cat":[81],"product_tag":[23,26,25,24,22],"class_list":{"0":"post-1830","1":"product","2":"type-product","3":"status-publish","4":"has-post-thumbnail","6":"product_brand-mirta-zaliauskas","7":"product_cat-platos-vidrio-artistico","8":"product_tag-ambar","9":"product_tag-centro-de-mesa","10":"product_tag-decoracion-artesanal","11":"product_tag-flor","12":"product_tag-vidrio-fundido","13":"desktop-align-center","14":"tablet-align-left","15":"mobile-align-left","17":"first","18":"instock","19":"featured","20":"sold-individually","21":"shipping-taxable","22":"purchasable","23":"product-type-variable"},"yoast_head":"<!-- This site is optimized with the Yoast SEO plugin v25.3.1 - https:\/\/yoast.com\/wordpress\/plugins\/seo\/ -->\n<title>Plato Flor de vidrio \u00c1mbar - Mirta Zaliauskas<\/title>\n<meta name=\"description\" content=\"Plato de vidrio art\u00edstico \u00e1mbar hecho por Mirta Zaliauskas. Obra artesanal con forma de flor, ideal como centro de mesa o decoraci\u00f3n de dise\u00f1o.\" \/>\n<meta name=\"robots\" content=\"index, follow, max-snippet:-1, max-image-preview:large, max-video-preview:-1\" \/>\n<link rel=\"canonical\" href=\"https:\/\/mirtazaliuskas.nebuletec.com\/en\/product\/plato-de-vidrio-artistico-ambar\/\" \/>\n<meta property=\"og:locale\" content=\"en_US\" \/>\n<meta property=\"og:type\" content=\"article\" \/>\n<meta property=\"og:title\" content=\"Plato Flor de vidrio \u00c1mbar - Mirta Zaliauskas\" \/>\n<meta property=\"og:description\" content=\"Plato de vidrio art\u00edstico \u00e1mbar hecho por Mirta Zaliauskas. Obra artesanal con forma de flor, ideal como centro de mesa o decoraci\u00f3n de dise\u00f1o.\" \/>\n<meta property=\"og:url\" content=\"https:\/\/mirtazaliuskas.nebuletec.com\/en\/product\/plato-de-vidrio-artistico-ambar\/\" \/>\n<meta property=\"og:site_name\" content=\"Mirta Zaliauskas\" \/>\n<meta property=\"article:modified_time\" content=\"2025-06-23T19:18:39+00:00\" \/>\n<meta property=\"og:image\" content=\"https:\/\/mirtazaliuskas.nebuletec.com\/wp-content\/uploads\/2025\/04\/WhatsApp-Image-2025-03-31-at-15.55.02-13.jpeg\" \/>\n\t<meta property=\"og:image:width\" content=\"1280\" \/>\n\t<meta property=\"og:image:height\" content=\"853\" \/>\n\t<meta property=\"og:image:type\" content=\"image\/jpeg\" \/>\n<meta name=\"twitter:card\" content=\"summary_large_image\" \/>\n<meta name=\"twitter:label1\" content=\"Est. reading time\" \/>\n\t<meta name=\"twitter:data1\" content=\"1 minute\" \/>\n<script type=\"application\/ld+json\" class=\"yoast-schema-graph\">{\"@context\":\"https:\/\/schema.org\",\"@graph\":[{\"@type\":\"WebPage\",\"@id\":\"https:\/\/mirtazaliuskas.nebuletec.com\/producto\/plato-de-vidrio-artistico-ambar\/\",\"url\":\"https:\/\/mirtazaliuskas.nebuletec.com\/producto\/plato-de-vidrio-artistico-ambar\/\",\"name\":\"Plato Flor de vidrio \u00c1mbar - Mirta Zaliauskas\",\"isPartOf\":{\"@id\":\"https:\/\/mirtazaliuskas.nebuletec.com\/#website\"},\"primaryImageOfPage\":{\"@id\":\"https:\/\/mirtazaliuskas.nebuletec.com\/producto\/plato-de-vidrio-artistico-ambar\/#primaryimage\"},\"image\":{\"@id\":\"https:\/\/mirtazaliuskas.nebuletec.com\/producto\/plato-de-vidrio-artistico-ambar\/#primaryimage\"},\"thumbnailUrl\":\"https:\/\/mirtazaliuskas.nebuletec.com\/wp-content\/uploads\/2025\/04\/WhatsApp-Image-2025-03-31-at-15.55.02-13.jpeg\",\"datePublished\":\"2025-06-17T01:24:35+00:00\",\"dateModified\":\"2025-06-23T19:18:39+00:00\",\"description\":\"Plato de vidrio art\u00edstico \u00e1mbar hecho por Mirta Zaliauskas. Obra artesanal con forma de flor, ideal como centro de mesa o decoraci\u00f3n de dise\u00f1o.\",\"breadcrumb\":{\"@id\":\"https:\/\/mirtazaliuskas.nebuletec.com\/producto\/plato-de-vidrio-artistico-ambar\/#breadcrumb\"},\"inLanguage\":\"en-US\",\"potentialAction\":[{\"@type\":\"ReadAction\",\"target\":[\"https:\/\/mirtazaliuskas.nebuletec.com\/producto\/plato-de-vidrio-artistico-ambar\/\"]}]},{\"@type\":\"ImageObject\",\"inLanguage\":\"en-US\",\"@id\":\"https:\/\/mirtazaliuskas.nebuletec.com\/producto\/plato-de-vidrio-artistico-ambar\/#primaryimage\",\"url\":\"https:\/\/mirtazaliuskas.nebuletec.com\/wp-content\/uploads\/2025\/04\/WhatsApp-Image-2025-03-31-at-15.55.02-13.jpeg\",\"contentUrl\":\"https:\/\/mirtazaliuskas.nebuletec.com\/wp-content\/uploads\/2025\/04\/WhatsApp-Image-2025-03-31-at-15.55.02-13.jpeg\",\"width\":1280,\"height\":853,\"caption\":\"Flor\"},{\"@type\":\"BreadcrumbList\",\"@id\":\"https:\/\/mirtazaliuskas.nebuletec.com\/producto\/plato-de-vidrio-artistico-ambar\/#breadcrumb\",\"itemListElement\":[{\"@type\":\"ListItem\",\"position\":1,\"name\":\"Portada\",\"item\":\"https:\/\/mirtazaliuskas.nebuletec.com\/\"},{\"@type\":\"ListItem\",\"position\":2,\"name\":\"Shop\",\"item\":\"https:\/\/mirtazaliuskas.nebuletec.com\/shop\/\"},{\"@type\":\"ListItem\",\"position\":3,\"name\":\"Plato Flor de vidrio \u00c1mbar\"}]},{\"@type\":\"WebSite\",\"@id\":\"https:\/\/mirtazaliuskas.nebuletec.com\/#website\",\"url\":\"https:\/\/mirtazaliuskas.nebuletec.com\/\",\"name\":\"mirta zaliauskas\",\"description\":\"E-commerce, tienda online de Mirta Zaliauskas\",\"publisher\":{\"@id\":\"https:\/\/mirtazaliuskas.nebuletec.com\/#\/schema\/person\/74a301b0f9c241694aca339ea184fbe9\"},\"potentialAction\":[{\"@type\":\"SearchAction\",\"target\":{\"@type\":\"EntryPoint\",\"urlTemplate\":\"https:\/\/mirtazaliuskas.nebuletec.com\/?s={search_term_string}\"},\"query-input\":{\"@type\":\"PropertyValueSpecification\",\"valueRequired\":true,\"valueName\":\"search_term_string\"}}],\"inLanguage\":\"en-US\"},{\"@type\":[\"Person\",\"Organization\"],\"@id\":\"https:\/\/mirtazaliuskas.nebuletec.com\/#\/schema\/person\/74a301b0f9c241694aca339ea184fbe9\",\"name\":\"flortetto\",\"image\":{\"@type\":\"ImageObject\",\"inLanguage\":\"en-US\",\"@id\":\"https:\/\/mirtazaliuskas.nebuletec.com\/#\/schema\/person\/image\/\",\"url\":\"https:\/\/mirtazaliuskas.nebuletec.com\/wp-content\/uploads\/2025\/04\/cropped-illustratorRecurso-2-8.png\",\"contentUrl\":\"https:\/\/mirtazaliuskas.nebuletec.com\/wp-content\/uploads\/2025\/04\/cropped-illustratorRecurso-2-8.png\",\"width\":512,\"height\":512,\"caption\":\"flortetto\"},\"logo\":{\"@id\":\"https:\/\/mirtazaliuskas.nebuletec.com\/#\/schema\/person\/image\/\"},\"sameAs\":[\"https:\/\/mirtazaliuskas.nebuletec.com\"]}]}<\/script>\n<!-- \/ Yoast SEO plugin. -->","yoast_head_json":{"title":"Plato Flor de vidrio \u00c1mbar - Mirta Zaliauskas","description":"Amber art glass plate by Mirta Zaliauskas. A handcrafted flower-shaped piece, ideal as a centerpiece or designer decoration.","robots":{"index":"index","follow":"follow","max-snippet":"max-snippet:-1","max-image-preview":"max-image-preview:large","max-video-preview":"max-video-preview:-1"},"canonical":"https:\/\/mirtazaliuskas.nebuletec.com\/en\/product\/plato-de-vidrio-artistico-ambar\/","og_locale":"en_US","og_type":"article","og_title":"Plato Flor de vidrio \u00c1mbar - Mirta Zaliauskas","og_description":"Plato de vidrio art\u00edstico \u00e1mbar hecho por Mirta Zaliauskas. Obra artesanal con forma de flor, ideal como centro de mesa o decoraci\u00f3n de dise\u00f1o.","og_url":"https:\/\/mirtazaliuskas.nebuletec.com\/en\/product\/plato-de-vidrio-artistico-ambar\/","og_site_name":"Mirta Zaliauskas","article_modified_time":"2025-06-23T19:18:39+00:00","og_image":[{"width":1280,"height":853,"url":"https:\/\/mirtazaliuskas.nebuletec.com\/wp-content\/uploads\/2025\/04\/WhatsApp-Image-2025-03-31-at-15.55.02-13.jpeg","type":"image\/jpeg"}],"twitter_card":"summary_large_image","twitter_misc":{"Est. reading time":"1 minute"},"schema":{"@context":"https:\/\/schema.org","@graph":[{"@type":"WebPage","@id":"https:\/\/mirtazaliuskas.nebuletec.com\/producto\/plato-de-vidrio-artistico-ambar\/","url":"https:\/\/mirtazaliuskas.nebuletec.com\/producto\/plato-de-vidrio-artistico-ambar\/","name":"Plato Flor de vidrio \u00c1mbar - Mirta Zaliauskas","isPartOf":{"@id":"https:\/\/mirtazaliuskas.nebuletec.com\/#website"},"primaryImageOfPage":{"@id":"https:\/\/mirtazaliuskas.nebuletec.com\/producto\/plato-de-vidrio-artistico-ambar\/#primaryimage"},"image":{"@id":"https:\/\/mirtazaliuskas.nebuletec.com\/producto\/plato-de-vidrio-artistico-ambar\/#primaryimage"},"thumbnailUrl":"https:\/\/mirtazaliuskas.nebuletec.com\/wp-content\/uploads\/2025\/04\/WhatsApp-Image-2025-03-31-at-15.55.02-13.jpeg","datePublished":"2025-06-17T01:24:35+00:00","dateModified":"2025-06-23T19:18:39+00:00","description":"Amber art glass plate by Mirta Zaliauskas. A handcrafted flower-shaped piece, ideal as a centerpiece or designer decoration.","breadcrumb":{"@id":"https:\/\/mirtazaliuskas.nebuletec.com\/producto\/plato-de-vidrio-artistico-ambar\/#breadcrumb"},"inLanguage":"en-US","potentialAction":[{"@type":"ReadAction","target":["https:\/\/mirtazaliuskas.nebuletec.com\/producto\/plato-de-vidrio-artistico-ambar\/"]}]},{"@type":"ImageObject","inLanguage":"en-US","@id":"https:\/\/mirtazaliuskas.nebuletec.com\/producto\/plato-de-vidrio-artistico-ambar\/#primaryimage","url":"https:\/\/mirtazaliuskas.nebuletec.com\/wp-content\/uploads\/2025\/04\/WhatsApp-Image-2025-03-31-at-15.55.02-13.jpeg","contentUrl":"https:\/\/mirtazaliuskas.nebuletec.com\/wp-content\/uploads\/2025\/04\/WhatsApp-Image-2025-03-31-at-15.55.02-13.jpeg","width":1280,"height":853,"caption":"Flor"},{"@type":"BreadcrumbList","@id":"https:\/\/mirtazaliuskas.nebuletec.com\/producto\/plato-de-vidrio-artistico-ambar\/#breadcrumb","itemListElement":[{"@type":"ListItem","position":1,"name":"Portada","item":"https:\/\/mirtazaliuskas.nebuletec.com\/"},{"@type":"ListItem","position":2,"name":"Shop","item":"https:\/\/mirtazaliuskas.nebuletec.com\/shop\/"},{"@type":"ListItem","position":3,"name":"Plato Flor de vidrio \u00c1mbar"}]},{"@type":"WebSite","@id":"https:\/\/mirtazaliuskas.nebuletec.com\/#website","url":"https:\/\/mirtazaliuskas.nebuletec.com\/","name":"mirta zaliauskas","description":"E-commerce, tienda online de Mirta Zaliauskas","publisher":{"@id":"https:\/\/mirtazaliuskas.nebuletec.com\/#\/schema\/person\/74a301b0f9c241694aca339ea184fbe9"},"potentialAction":[{"@type":"SearchAction","target":{"@type":"EntryPoint","urlTemplate":"https:\/\/mirtazaliuskas.nebuletec.com\/?s={search_term_string}"},"query-input":{"@type":"PropertyValueSpecification","valueRequired":true,"valueName":"search_term_string"}}],"inLanguage":"en-US"},{"@type":["Person","Organization"],"@id":"https:\/\/mirtazaliuskas.nebuletec.com\/#\/schema\/person\/74a301b0f9c241694aca339ea184fbe9","name":"flortetto","image":{"@type":"ImageObject","inLanguage":"en-US","@id":"https:\/\/mirtazaliuskas.nebuletec.com\/#\/schema\/person\/image\/","url":"https:\/\/mirtazaliuskas.nebuletec.com\/wp-content\/uploads\/2025\/04\/cropped-illustratorRecurso-2-8.png","contentUrl":"https:\/\/mirtazaliuskas.nebuletec.com\/wp-content\/uploads\/2025\/04\/cropped-illustratorRecurso-2-8.png","width":512,"height":512,"caption":"flortetto"},"logo":{"@id":"https:\/\/mirtazaliuskas.nebuletec.com\/#\/schema\/person\/image\/"},"sameAs":["https:\/\/mirtazaliuskas.nebuletec.com"]}]}},"_links":{"self":[{"href":"https:\/\/mirtazaliuskas.nebuletec.com\/en\/wp-json\/wp\/v2\/product\/1830","targetHints":{"allow":["GET"]}}],"collection":[{"href":"https:\/\/mirtazaliuskas.nebuletec.com\/en\/wp-json\/wp\/v2\/product"}],"about":[{"href":"https:\/\/mirtazaliuskas.nebuletec.com\/en\/wp-json\/wp\/v2\/types\/product"}],"replies":[{"embeddable":true,"href":"https:\/\/mirtazaliuskas.nebuletec.com\/en\/wp-json\/wp\/v2\/comments?post=1830"}],"wp:featuredmedia":[{"embeddable":true,"href":"https:\/\/mirtazaliuskas.nebuletec.com\/en\/wp-json\/wp\/v2\/media\/1494"}],"wp:attachment":[{"href":"https:\/\/mirtazaliuskas.nebuletec.com\/en\/wp-json\/wp\/v2\/media?parent=1830"}],"wp:term":[{"taxonomy":"product_brand","embeddable":true,"href":"https:\/\/mirtazaliuskas.nebuletec.com\/en\/wp-json\/wp\/v2\/product_brand?post=1830"},{"taxonomy":"product_cat","embeddable":true,"href":"https:\/\/mirtazaliuskas.nebuletec.com\/en\/wp-json\/wp\/v2\/product_cat?post=1830"},{"taxonomy":"product_tag","embeddable":true,"href":"https:\/\/mirtazaliuskas.nebuletec.com\/en\/wp-json\/wp\/v2\/product_tag?post=1830"}],"curies":[{"name":"wp","href":"https:\/\/api.w.org\/{rel}","templated":true}]}}